{"id":770,"date":"2024-05-23T11:28:59","date_gmt":"2024-05-23T09:28:59","guid":{"rendered":"https:\/\/royfonte.com\/cookies\/"},"modified":"2024-09-25T12:54:55","modified_gmt":"2024-09-25T10:54:55","slug":"cookies","status":"publish","type":"page","link":"https:\/\/royfonte.com\/de\/cookies\/","title":{"rendered":"Cookies"},"content":{"rendered":"<h2><strong>COOKIE-RICHTLINIE<\/strong><\/h2>\n<p>Diese Website, wie die meisten Websites im Internet, verwendet Cookies, um die Benutzererfahrung beim Navigieren zu verbessern. Cookies personalisieren die von der Website angebotenen Dienste und bieten jedem Benutzer Informationen, die f\u00fcr ihn interessant sein k\u00f6nnen, basierend auf der Nutzung dieser Website. Im Folgenden finden Sie Informationen dar\u00fcber, was Cookies sind, welche Arten von Cookies diese Website verwendet, wie Sie Cookies in Ihrem Browser deaktivieren k\u00f6nnen oder wie Sie die Installation von Cookies von Drittanbietern gezielt deaktivieren k\u00f6nnen und was passiert, wenn Sie sie deaktivieren.<\/p>\n<p><strong>Was sind Cookies?<\/strong><\/p>\n<p>Cookies sind kleine Dateien, die einige Plattformen, wie Websites, auf Ihrem Computer, Smartphone, Tablet oder Fernseher installieren k\u00f6nnen, wenn Sie auf diese zugreifen. Ihre Funktionen k\u00f6nnen sehr vielf\u00e4ltig sein: Speichern Ihrer Navigationspr\u00e4ferenzen, Sammeln von statistischen Informationen, Erm\u00f6glichen bestimmter technischer Funktionen, Speichern und Abrufen von Informationen \u00fcber die Navigationsgewohnheiten oder -pr\u00e4ferenzen eines Benutzers oder seines Ger\u00e4ts bis zu dem Punkt, an dem sie manchmal, abh\u00e4ngig von den enthaltenen Informationen und der Art und Weise, wie Sie Ihr Ger\u00e4t verwenden, erkannt werden k\u00f6nnen. Ein Cookie wird auf einem Computer gespeichert, um die Navigation des Benutzers so weit wie m\u00f6glich zu personalisieren und zu erleichtern. Cookies werden nur einem Benutzer und seinem Computer zugeordnet und liefern keine Hinweise, die es erm\u00f6glichen, pers\u00f6nliche Daten des Benutzers abzuleiten. Der Benutzer kann seinen Browser so konfigurieren, dass er benachrichtigt wird oder die Installation von Cookies, die von der Website gesendet werden, ablehnt.<\/p>\n<p>Cookies sind aus verschiedenen Gr\u00fcnden wichtig. Technisch gesehen erm\u00f6glichen sie, dass Websites schneller und benutzerfreundlicher funktionieren, indem sie beispielsweise die Sprache oder die W\u00e4hrung des Landes speichern. Dar\u00fcber hinaus helfen sie den Website-Betreibern, ihre Dienste zu verbessern, indem sie statistische Informationen sammeln. Schlie\u00dflich tragen sie dazu bei, die Werbung effizienter zu gestalten, die wir anzeigen.<\/p>\n<p><strong>Wie verwenden wir Cookies?<\/strong><\/p>\n<p>Je nachdem, wie lange die Cookies aktiv bleiben, k\u00f6nnen sie sein:<\/p>\n<p>&#8211; Sitzungscookies: Diese sind so konzipiert, dass sie Daten sammeln und speichern, w\u00e4hrend der Benutzer auf eine Website zugreift. Sie werden oft verwendet, um Informationen zu speichern, die nur f\u00fcr die Bereitstellung des vom Benutzer einmal angeforderten Dienstes relevant sind (zum Beispiel eine Liste gekaufter Produkte).<\/p>\n<p>&#8211; Persistente Cookies: Dies sind Cookies, bei denen die Daten auf dem Ger\u00e4t gespeichert bleiben und w\u00e4hrend eines festgelegten Zeitraums darauf zugegriffen und verarbeitet werden k\u00f6nnen. Sie haben ein Ablaufdatum. Sie werden zum Beispiel im Kauf- oder Registrierungsprozess verwendet, um zu verhindern, dass wir st\u00e4ndig unsere Daten eingeben m\u00fcssen.<\/p>\n<p>Je nachdem, wer die Einheit verwaltet oder den Domain von wo aus die Cookies gesendet werden und die Daten, die erhalten werden, verarbeitet, k\u00f6nnen wir unterscheiden:<\/p>\n<div class=\"sppb-article-introtext\">\n<p>-Cookies propias: Diese werden ausschlie\u00dflich von uns verwaltet und an das Ger\u00e4t des Benutzers gesendet, um den reibungslosen Betrieb der Website zu gew\u00e4hrleisten.<\/p>\n<p>&#8211; Cookies von Drittanbietern: Diese werden vom Ger\u00e4t des Benutzers von einer Einheit oder Domain gesendet, die nicht von uns, sondern von einer anderen Entit\u00e4t verwaltet wird, die die erhaltenen Daten verarbeitet.<\/p>\n<p>Beim Surfen auf unserer Website k\u00f6nnen folgende Cookies auf Ihrem Ger\u00e4t installiert werden:<\/p>\n<p>&#8211; Anmeldecookies: Wenn der Benutzer unsere Website betritt und sich anmeldet, wird ein tempor\u00e4res eigenes Cookie installiert, damit er in seinem Benutzerbereich navigieren kann, ohne seine Daten st\u00e4ndig eingeben zu m\u00fcssen. Dieses Cookie wird verschwinden, wenn Sie sich abmelden.<\/p>\n<p>&#8211; Analyse-Cookies: Sie dienen dazu, das Verhalten der Benutzer beim anonymen Surfen auf unserer Website zu untersuchen. Dadurch k\u00f6nnen wir die am h\u00e4ufigsten angesehenen Inhalte, die Anzahl der Besucher usw. kennenlernen. Diese Informationen verwenden wir, um das Surferlebnis zu verbessern und unsere Dienste zu optimieren. Sie k\u00f6nnen sowohl eigene als auch von Drittanbietern sein.<\/p>\n<p>&#8211; Werbe-Cookies von Drittanbietern: Ihr Ziel ist es, die Werbeanzeigen zu optimieren.<\/p>\n<p><strong>Wie kann ich meine Einstellungen konfigurieren?<\/strong><\/p>\n<p>Sie k\u00f6nnen die auf Ihrem Ger\u00e4t installierten Cookies \u00fcber die Einstellungen Ihres Internetbrowsers aktivieren, blockieren oder l\u00f6schen.<\/p>\n<p>Im Folgenden finden Sie Links, in denen Sie Informationen dar\u00fcber finden, wie Sie Ihre Einstellungen in den wichtigsten Browsern aktivieren k\u00f6nnen:<\/p>\n<p>.-\u00a0<strong>Chrome<\/strong>,\u00a0<a href=\"https:\/\/support.google.com\/chrome\/answer\/95647?hl=es\">https:\/\/support.google.com\/chrome\/answer\/95647?hl=es<\/a><\/p>\n<p><strong>.- Safari<\/strong>,\u00a0<a href=\"https:\/\/support.apple.com\/kb\/ph5042?locale=en_US\">https:\/\/support.apple.com\/kb\/ph5042?locale=en_US<\/a><\/p>\n<p><strong>.- Explorer<\/strong>,\u00a0<a href=\"https:\/\/support.microsoft.com\/en-us\/products\/windows?os=windows-7\">https:\/\/support.microsoft.com\/en-us\/products\/windows?os=windows-7<\/a><\/p>\n<p><strong>.- Firefox<\/strong>,\u00a0<a href=\"https:\/\/support.mozilla.org\/es\/kb\/habilitar-y-deshabilitar-cookies-sitios-web-rastrear-preferencias?redirectlocale=es&amp;redirectslug=habilitar-y-deshabilitar-cookies-que-los-sitios-we\">https:\/\/support.mozilla.org\/es\/kb\/habilitar-y-deshabilitar-cookies-sitios-web-rastrear-preferencias?redirectlocale=esHYPERLINK &#8222;<\/a><a href=\"https:\/\/support.mozilla.org\/es\/kb\/habilitar-y-deshabilitar-cookies-sitios-web-rastrear-preferencias?redirectlocale=es&amp;redirectslug=habilitar-y-deshabilitar-cookies-que-los-sitios-we\">https:\/\/support.mozilla.org\/es\/kb\/habilitar-y-deshabilitar-cookies-sitios-web-rastrear-preferencias?redirectlocale=es&amp;redirectslug=habilitar-y-deshabilitar-cookies-que-los-sitios-we<\/a>&#8222;&amp;HYPERLINK &#8222;<a href=\"https:\/\/support.mozilla.org\/es\/kb\/habilitar-y-deshabilitar-cookies-sitios-web-rastrear-preferencias?redirectlocale=es&amp;redirectslug=habilitar-y-deshabilitar-cookies-que-los-sitios-we\">https:\/\/support.mozilla.org\/es\/kb\/habilitar-y-deshabilitar-cookies-sitios-web-rastrear-preferencias?redirectlocale=es&amp;redirectslug=habilitar-y-deshabilitar-cookies-que-los-sitios-we<\/a><\/p>\n<div class=\"flex flex-grow flex-col max-w-full\">\n<div class=\"min-h-[20px] text-message flex flex-col items-start whitespace-pre-wrap break-words [.text-message+&amp;]:mt-5 juice:w-full juice:items-end overflow-x-auto gap-2\" dir=\"auto\" data-message-author-role=\"assistant\" data-message-id=\"7b8ad49a-85a9-4923-9865-d79c2cc9efc8\">\n<div class=\"flex w-full flex-col gap-1 juice:empty:hidden juice:first:pt-[3px]\">\n<div class=\"markdown prose w-full break-words dark:prose-invert light\">\n<p><strong>Was passiert, wenn Cookies deaktiviert werden?<\/strong><\/p>\n<p>Wenn Sie die Installation von Cookies blockieren oder nicht akzeptieren, k\u00f6nnen bestimmte von unserer Website angebotene Dienste, die ihre Verwendung erfordern, deaktiviert werden. Daher stehen sie Ihnen m\u00f6glicherweise nicht zur Verf\u00fcgung, und Sie k\u00f6nnen nicht alle Funktionen nutzen, die unsere Websites und Anwendungen bieten. Es ist auch m\u00f6glich, dass die Qualit\u00e4t der Website-Funktionalit\u00e4t abnimmt.<\/p>\n<p><strong>Zustimmung zu Cookies<\/strong><\/p>\n<p>Wenn Sie nach der Information \u00fcber unsere Cookie-Richtlinie weiterhin browsen, verstehen wir, dass Sie der Verwendung von Cookies zustimmen.<\/p>\n<p>Wenn Sie zum ersten Mal auf diese Website oder Anwendung zugreifen, sehen Sie ein Fenster, das Sie \u00fcber die Verwendung von Cookies informiert und in dem Sie diese Cookie-Richtlinie einsehen k\u00f6nnen. Wenn Sie der Verwendung von Cookies zustimmen, weiterhin browsen oder auf einen Link klicken, verstehen wir, dass Sie unserer Cookie-Richtlinie und damit der Installation von Cookies auf Ihrem Ger\u00e4t zugestimmt haben.<\/p>\n<p>Neben der Verwendung unserer eigenen Cookies erm\u00f6glichen wir Dritten, Cookies einzurichten und auf Ihrem Computer zuzugreifen. Die Zustimmung zur Verwendung von Cookies dieser Unternehmen h\u00e4ngt mit dem Surfen auf dieser Website zusammen.<\/p>\n<\/div>\n<\/div>\n<\/div>\n<\/div>\n<div class=\"mt-1 flex gap-3 empty:hidden juice:-ml-3\">\n<div class=\"items-center justify-start rounded-xl p-1 flex\">\n<div class=\"flex items-center\"><button class=\"rounded-lg text-token-text-secondary hover:bg-token-main-surface-secondary\"><\/button><button class=\"rounded-lg text-token-text-secondary hover:bg-token-main-surface-secondary\"><\/button><button class=\"rounded-lg text-token-text-secondary hover:bg-token-main-surface-secondary\"><\/button><\/p>\n<div class=\"flex\"><\/div>\n<\/div>\n<\/div>\n<\/div>\n<\/div>\n<\/div>\n","protected":false},"excerpt":{"rendered":"<p>COOKIE-RICHTLINIE Diese Website, wie die meisten Websites im Internet, verwendet Cookies, um die Benutzererfahrung beim Navigieren zu verbessern. Cookies personalisieren die von der Website angebotenen Dienste und bieten jedem Benutzer Informationen, die f\u00fcr ihn interessant sein k\u00f6nnen, basierend auf der Nutzung dieser Website. Im Folgenden finden Sie Informationen dar\u00fcber, was Cookies sind, welche Arten von [&#8230;]\n","protected":false},"author":2,"featured_media":0,"parent":0,"menu_order":0,"comment_status":"closed","ping_status":"closed","template":"","meta":{"footnotes":""},"class_list":["post-770","page","type-page","status-publish","hentry"],"yoast_head":"<!-- This site is optimized with the Yoast SEO plugin v23.0 - https:\/\/yoast.com\/wordpress\/plugins\/seo\/ -->\n<title>Cookies - royfonte.com<\/title>\n<meta name=\"robots\" content=\"index, nofollow, max-snippet:-1, max-image-preview:large, max-video-preview:-1\" \/>\n<link rel=\"canonical\" href=\"https:\/\/royfonte.com\/de\/cookies\/\" \/>\n<meta property=\"og:locale\" content=\"de_DE\" \/>\n<meta property=\"og:type\" content=\"article\" \/>\n<meta property=\"og:title\" content=\"Cookies - royfonte.com\" \/>\n<meta property=\"og:description\" content=\"COOKIE-RICHTLINIE Diese Website, wie die meisten Websites im Internet, verwendet Cookies, um die Benutzererfahrung beim Navigieren zu verbessern. Cookies personalisieren die von der Website angebotenen Dienste und bieten jedem Benutzer Informationen, die f\u00fcr ihn interessant sein k\u00f6nnen, basierend auf der Nutzung dieser Website. Im Folgenden finden Sie Informationen dar\u00fcber, was Cookies sind, welche Arten von [...]\" \/>\n<meta property=\"og:url\" content=\"https:\/\/royfonte.com\/de\/cookies\/\" \/>\n<meta property=\"og:site_name\" content=\"royfonte.com\" \/>\n<meta property=\"article:modified_time\" content=\"2024-09-25T10:54:55+00:00\" \/>\n<meta name=\"twitter:card\" content=\"summary_large_image\" \/>\n<meta name=\"twitter:label1\" content=\"Gesch\u00e4tzte Lesezeit\" \/>\n\t<meta name=\"twitter:data1\" content=\"4\u00a0Minuten\" \/>\n<script type=\"application\/ld+json\" class=\"yoast-schema-graph\">{\"@context\":\"https:\/\/schema.org\",\"@graph\":[{\"@type\":\"WebPage\",\"@id\":\"https:\/\/royfonte.com\/de\/cookies\/\",\"url\":\"https:\/\/royfonte.com\/de\/cookies\/\",\"name\":\"Cookies - royfonte.com\",\"isPartOf\":{\"@id\":\"https:\/\/royfonte.com\/de\/#website\"},\"datePublished\":\"2024-05-23T09:28:59+00:00\",\"dateModified\":\"2024-09-25T10:54:55+00:00\",\"breadcrumb\":{\"@id\":\"https:\/\/royfonte.com\/de\/cookies\/#breadcrumb\"},\"inLanguage\":\"de\",\"potentialAction\":[{\"@type\":\"ReadAction\",\"target\":[\"https:\/\/royfonte.com\/de\/cookies\/\"]}]},{\"@type\":\"BreadcrumbList\",\"@id\":\"https:\/\/royfonte.com\/de\/cookies\/#breadcrumb\",\"itemListElement\":[{\"@type\":\"ListItem\",\"position\":1,\"name\":\"Portada\",\"item\":\"https:\/\/royfonte.com\/de\/\"},{\"@type\":\"ListItem\",\"position\":2,\"name\":\"Cookies\"}]},{\"@type\":\"WebSite\",\"@id\":\"https:\/\/royfonte.com\/de\/#website\",\"url\":\"https:\/\/royfonte.com\/de\/\",\"name\":\"royfonte.com\",\"description\":\"Residencia Canina en Marbella\",\"potentialAction\":[{\"@type\":\"SearchAction\",\"target\":{\"@type\":\"EntryPoint\",\"urlTemplate\":\"https:\/\/royfonte.com\/de\/?s={search_term_string}\"},\"query-input\":\"required name=search_term_string\"}],\"inLanguage\":\"de\"}]}<\/script>\n<!-- \/ Yoast SEO plugin. -->","yoast_head_json":{"title":"Cookies - royfonte.com","robots":{"index":"index","follow":"nofollow","max-snippet":"max-snippet:-1","max-image-preview":"max-image-preview:large","max-video-preview":"max-video-preview:-1"},"canonical":"https:\/\/royfonte.com\/de\/cookies\/","og_locale":"de_DE","og_type":"article","og_title":"Cookies - royfonte.com","og_description":"COOKIE-RICHTLINIE Diese Website, wie die meisten Websites im Internet, verwendet Cookies, um die Benutzererfahrung beim Navigieren zu verbessern. Cookies personalisieren die von der Website angebotenen Dienste und bieten jedem Benutzer Informationen, die f\u00fcr ihn interessant sein k\u00f6nnen, basierend auf der Nutzung dieser Website. Im Folgenden finden Sie Informationen dar\u00fcber, was Cookies sind, welche Arten von [...]","og_url":"https:\/\/royfonte.com\/de\/cookies\/","og_site_name":"royfonte.com","article_modified_time":"2024-09-25T10:54:55+00:00","twitter_card":"summary_large_image","twitter_misc":{"Gesch\u00e4tzte Lesezeit":"4\u00a0Minuten"},"schema":{"@context":"https:\/\/schema.org","@graph":[{"@type":"WebPage","@id":"https:\/\/royfonte.com\/de\/cookies\/","url":"https:\/\/royfonte.com\/de\/cookies\/","name":"Cookies - royfonte.com","isPartOf":{"@id":"https:\/\/royfonte.com\/de\/#website"},"datePublished":"2024-05-23T09:28:59+00:00","dateModified":"2024-09-25T10:54:55+00:00","breadcrumb":{"@id":"https:\/\/royfonte.com\/de\/cookies\/#breadcrumb"},"inLanguage":"de","potentialAction":[{"@type":"ReadAction","target":["https:\/\/royfonte.com\/de\/cookies\/"]}]},{"@type":"BreadcrumbList","@id":"https:\/\/royfonte.com\/de\/cookies\/#breadcrumb","itemListElement":[{"@type":"ListItem","position":1,"name":"Portada","item":"https:\/\/royfonte.com\/de\/"},{"@type":"ListItem","position":2,"name":"Cookies"}]},{"@type":"WebSite","@id":"https:\/\/royfonte.com\/de\/#website","url":"https:\/\/royfonte.com\/de\/","name":"royfonte.com","description":"Residencia Canina en Marbella","potentialAction":[{"@type":"SearchAction","target":{"@type":"EntryPoint","urlTemplate":"https:\/\/royfonte.com\/de\/?s={search_term_string}"},"query-input":"required name=search_term_string"}],"inLanguage":"de"}]}},"_links":{"self":[{"href":"https:\/\/royfonte.com\/de\/wp-json\/wp\/v2\/pages\/770"}],"collection":[{"href":"https:\/\/royfonte.com\/de\/wp-json\/wp\/v2\/pages"}],"about":[{"href":"https:\/\/royfonte.com\/de\/wp-json\/wp\/v2\/types\/page"}],"author":[{"embeddable":true,"href":"https:\/\/royfonte.com\/de\/wp-json\/wp\/v2\/users\/2"}],"replies":[{"embeddable":true,"href":"https:\/\/royfonte.com\/de\/wp-json\/wp\/v2\/comments?post=770"}],"version-history":[{"count":3,"href":"https:\/\/royfonte.com\/de\/wp-json\/wp\/v2\/pages\/770\/revisions"}],"predecessor-version":[{"id":774,"href":"https:\/\/royfonte.com\/de\/wp-json\/wp\/v2\/pages\/770\/revisions\/774"}],"wp:attachment":[{"href":"https:\/\/royfonte.com\/de\/wp-json\/wp\/v2\/media?parent=770"}],"curies":[{"name":"wp","href":"https:\/\/api.w.org\/{rel}","templated":true}]}}