{"id":765,"date":"2024-04-25T16:34:24","date_gmt":"2024-04-25T14:34:24","guid":{"rendered":"https:\/\/royfonte.com\/politica-privacidad\/"},"modified":"2024-05-28T17:37:04","modified_gmt":"2024-05-28T15:37:04","slug":"datenschutzrichtlinie","status":"publish","type":"page","link":"https:\/\/royfonte.com\/de\/datenschutzrichtlinie\/","title":{"rendered":"Datenschutzrichtlinie"},"content":{"rendered":"\r\n<h1 class=\"wp-block-heading\">Datenschutzrichtlinie<\/h1>\r\n<p>JOSE MIGUEL ROY ANGLADA ist f\u00fcr die Verarbeitung personenbezogener Daten der Benutzer dieser Website verantwortlich. Wir informieren Sie dar\u00fcber, dass diese Daten gem\u00e4\u00df den Bestimmungen der Verordnung (EU) 2016\/679 des Europ\u00e4ischen Parlaments und des Rates vom 27. April 2016 zum Schutz nat\u00fcrlicher Personen bei der Verarbeitung personenbezogener Daten und zum freien Datenverkehr behandelt werden.<\/p>\r\n<p>1. Zweck der Verarbeitung: Der Zweck besteht darin, eine Gesch\u00e4ftsbeziehung mit dem Benutzer dieser Website aufrechtzuerhalten. Zu den geplanten Verarbeitungsvorg\u00e4ngen geh\u00f6ren: &#8211; Bearbeitung von Bestellungen, Anfragen oder jegliche Art von Anfragen, die vom Benutzer \u00fcber die zur Verf\u00fcgung gestellten Kontaktformulare eingereicht werden. &#8211; Versand von werblichen Mitteilungen \u00fcber unsere Produkte und Dienstleistungen per elektronischer oder physischer Post, gegenw\u00e4rtig oder zuk\u00fcnftig, die die Durchf\u00fchrung von Werbekommunikationen erm\u00f6glichen.<\/p>\r\n<p>2. Datenspeicherung: Die Daten werden so lange aufbewahrt, wie ein beiderseitiges Interesse besteht, den Zweck der Verarbeitung aufrechtzuerhalten. Wenn sie nicht mehr f\u00fcr diesen Zweck ben\u00f6tigt werden, werden sie unter angemessenen Sicherheitsma\u00dfnahmen gel\u00f6scht, um ihre vollst\u00e4ndige Vernichtung zu gew\u00e4hrleisten.<\/p>\r\n<p>3. Daten\u00fcbermittlung: Dem Benutzer stehen die Rechte auf Zugang, Berichtigung, L\u00f6schung, Widerspruch und Daten\u00fcbertragbarkeit zu. Ebenso hat er das Recht, eine Beschwerde bei der Aufsichtsbeh\u00f6rde, www.agpd.es, einzureichen, wenn er der Meinung ist, dass die Verarbeitung nicht den geltenden Vorschriften entspricht. Um sein Recht auszu\u00fcben, muss der Benutzer eine Kopie seines Personalausweises oder Reisepasses an folgende Adresse senden: JOSE MIGUEL ROY ANGLADA, mit DNI 51.614.432-V, wohnhaft in Ctra. N-340, Km 191, 5 (in der N\u00e4he des Hotel Don Carlos) in Marbella und E-Mail-Adresse royfontemarbella@gmail.com.<\/p>\r\n<p>4. Verpflichtender Charakter der vom Benutzer bereitgestellten Informationen: Die Benutzer erkl\u00e4ren sich ausdr\u00fccklich und frei und unmissverst\u00e4ndlich damit einverstanden, dass ihre Daten erforderlich sind, um ihre Anfrage durch den Diensteanbieter zu erf\u00fcllen, indem sie das entsprechende K\u00e4stchen ankreuzen. Der Benutzer garantiert, dass die bereitgestellten pers\u00f6nlichen Daten wahrheitsgem\u00e4\u00df sind, und ist verantwortlich f\u00fcr die Mitteilung etwaiger \u00c4nderungen an diesen Daten.<\/p>\r\n<p>&nbsp;<\/p>\r\n<p>JOSE MIGUEL ROY ANGLADA informiert und garantiert den Benutzern ausdr\u00fccklich, dass ihre personenbezogenen Daten unter keinen Umst\u00e4nden an Dritte weitergegeben werden. Sollte eine Weitergabe personenbezogener Daten erfolgen, wird zuvor die ausdr\u00fcckliche, informierte und eindeutige Einwilligung der Benutzer eingeholt. Alle \u00fcber den Webdienst angeforderten Daten sind obligatorisch, da sie f\u00fcr die Erbringung des Dienstes erforderlich sind. Wenn nicht alle Daten bereitgestellt werden, wird nicht garantiert, dass die vom Diensteanbieter bereitgestellten Informationen und Dienstleistungen vollst\u00e4ndig an die Bed\u00fcrfnisse des Benutzers angepasst sind. Sicherheitsma\u00dfnahmen: Gem\u00e4\u00df den geltenden Vorschriften zum Schutz personenbezogener Daten erf\u00fcllt der Anbieter alle Bestimmungen der Vorschriften f\u00fcr die Verarbeitung personenbezogener Daten und die in Artikel 5 der DSGVO beschriebenen Grunds\u00e4tze. Es wird garantiert, dass angemessene technische und organisatorische Richtlinien umgesetzt wurden, um die im Rahmen der DSGVO vorgesehenen Sicherheitsma\u00dfnahmen zum Schutz der Rechte und Freiheiten der Benutzer anzuwenden, und dass diesen die entsprechenden Informationen zur Aus\u00fcbung dieser Rechte mitgeteilt wurden.<\/p>","protected":false},"excerpt":{"rendered":"<p>Datenschutzrichtlinie JOSE MIGUEL ROY ANGLADA ist f\u00fcr die Verarbeitung personenbezogener Daten der Benutzer dieser Website verantwortlich. Wir informieren Sie dar\u00fcber, dass diese Daten gem\u00e4\u00df den Bestimmungen der Verordnung (EU) 2016\/679 des Europ\u00e4ischen Parlaments und des Rates vom 27. April 2016 zum Schutz nat\u00fcrlicher Personen bei der Verarbeitung personenbezogener Daten und zum freien Datenverkehr behandelt werden. [&#8230;]\n","protected":false},"author":1,"featured_media":0,"parent":0,"menu_order":0,"comment_status":"closed","ping_status":"open","template":"","meta":{"footnotes":""},"class_list":["post-765","page","type-page","status-publish","hentry"],"yoast_head":"<!-- This site is optimized with the Yoast SEO plugin v27.5 - https:\/\/yoast.com\/product\/yoast-seo-wordpress\/ -->\n<title>Datenschutzrichtlinie - royfonte.com<\/title>\n<meta name=\"robots\" content=\"noindex, nofollow\" \/>\n<meta property=\"og:locale\" content=\"de_DE\" \/>\n<meta property=\"og:type\" content=\"article\" \/>\n<meta property=\"og:title\" content=\"Datenschutzrichtlinie - royfonte.com\" \/>\n<meta property=\"og:description\" content=\"Datenschutzrichtlinie JOSE MIGUEL ROY ANGLADA ist f\u00fcr die Verarbeitung personenbezogener Daten der Benutzer dieser Website verantwortlich. Wir informieren Sie dar\u00fcber, dass diese Daten gem\u00e4\u00df den Bestimmungen der Verordnung (EU) 2016\/679 des Europ\u00e4ischen Parlaments und des Rates vom 27. April 2016 zum Schutz nat\u00fcrlicher Personen bei der Verarbeitung personenbezogener Daten und zum freien Datenverkehr behandelt werden. [...]\" \/>\n<meta property=\"og:url\" content=\"https:\/\/royfonte.com\/de\/datenschutzrichtlinie\/\" \/>\n<meta property=\"og:site_name\" content=\"royfonte.com\" \/>\n<meta property=\"article:modified_time\" content=\"2024-05-28T15:37:04+00:00\" \/>\n<meta name=\"twitter:card\" content=\"summary_large_image\" \/>\n<meta name=\"twitter:label1\" content=\"Gesch\u00e4tzte Lesezeit\" \/>\n\t<meta name=\"twitter:data1\" content=\"3\u00a0Minuten\" \/>\n<script type=\"application\/ld+json\" class=\"yoast-schema-graph\">{\"@context\":\"https:\\\/\\\/schema.org\",\"@graph\":[{\"@type\":\"WebPage\",\"@id\":\"https:\\\/\\\/royfonte.com\\\/de\\\/datenschutzrichtlinie\\\/\",\"url\":\"https:\\\/\\\/royfonte.com\\\/de\\\/datenschutzrichtlinie\\\/\",\"name\":\"Datenschutzrichtlinie - royfonte.com\",\"isPartOf\":{\"@id\":\"https:\\\/\\\/royfonte.com\\\/de\\\/#website\"},\"datePublished\":\"2024-04-25T14:34:24+00:00\",\"dateModified\":\"2024-05-28T15:37:04+00:00\",\"breadcrumb\":{\"@id\":\"https:\\\/\\\/royfonte.com\\\/de\\\/datenschutzrichtlinie\\\/#breadcrumb\"},\"inLanguage\":\"de\",\"potentialAction\":[{\"@type\":\"ReadAction\",\"target\":[\"https:\\\/\\\/royfonte.com\\\/de\\\/datenschutzrichtlinie\\\/\"]}]},{\"@type\":\"BreadcrumbList\",\"@id\":\"https:\\\/\\\/royfonte.com\\\/de\\\/datenschutzrichtlinie\\\/#breadcrumb\",\"itemListElement\":[{\"@type\":\"ListItem\",\"position\":1,\"name\":\"Portada\",\"item\":\"https:\\\/\\\/royfonte.com\\\/de\\\/\"},{\"@type\":\"ListItem\",\"position\":2,\"name\":\"Datenschutzrichtlinie\"}]},{\"@type\":\"WebSite\",\"@id\":\"https:\\\/\\\/royfonte.com\\\/de\\\/#website\",\"url\":\"https:\\\/\\\/royfonte.com\\\/de\\\/\",\"name\":\"royfonte.com\",\"description\":\"Residencia Canina en Marbella\",\"potentialAction\":[{\"@type\":\"SearchAction\",\"target\":{\"@type\":\"EntryPoint\",\"urlTemplate\":\"https:\\\/\\\/royfonte.com\\\/de\\\/?s={search_term_string}\"},\"query-input\":{\"@type\":\"PropertyValueSpecification\",\"valueRequired\":true,\"valueName\":\"search_term_string\"}}],\"inLanguage\":\"de\"}]}<\/script>\n<!-- \/ Yoast SEO plugin. -->","yoast_head_json":{"title":"Datenschutzrichtlinie - royfonte.com","robots":{"index":"noindex","follow":"nofollow"},"og_locale":"de_DE","og_type":"article","og_title":"Datenschutzrichtlinie - royfonte.com","og_description":"Datenschutzrichtlinie JOSE MIGUEL ROY ANGLADA ist f\u00fcr die Verarbeitung personenbezogener Daten der Benutzer dieser Website verantwortlich. Wir informieren Sie dar\u00fcber, dass diese Daten gem\u00e4\u00df den Bestimmungen der Verordnung (EU) 2016\/679 des Europ\u00e4ischen Parlaments und des Rates vom 27. April 2016 zum Schutz nat\u00fcrlicher Personen bei der Verarbeitung personenbezogener Daten und zum freien Datenverkehr behandelt werden. [...]","og_url":"https:\/\/royfonte.com\/de\/datenschutzrichtlinie\/","og_site_name":"royfonte.com","article_modified_time":"2024-05-28T15:37:04+00:00","twitter_card":"summary_large_image","twitter_misc":{"Gesch\u00e4tzte Lesezeit":"3\u00a0Minuten"},"schema":{"@context":"https:\/\/schema.org","@graph":[{"@type":"WebPage","@id":"https:\/\/royfonte.com\/de\/datenschutzrichtlinie\/","url":"https:\/\/royfonte.com\/de\/datenschutzrichtlinie\/","name":"Datenschutzrichtlinie - royfonte.com","isPartOf":{"@id":"https:\/\/royfonte.com\/de\/#website"},"datePublished":"2024-04-25T14:34:24+00:00","dateModified":"2024-05-28T15:37:04+00:00","breadcrumb":{"@id":"https:\/\/royfonte.com\/de\/datenschutzrichtlinie\/#breadcrumb"},"inLanguage":"de","potentialAction":[{"@type":"ReadAction","target":["https:\/\/royfonte.com\/de\/datenschutzrichtlinie\/"]}]},{"@type":"BreadcrumbList","@id":"https:\/\/royfonte.com\/de\/datenschutzrichtlinie\/#breadcrumb","itemListElement":[{"@type":"ListItem","position":1,"name":"Portada","item":"https:\/\/royfonte.com\/de\/"},{"@type":"ListItem","position":2,"name":"Datenschutzrichtlinie"}]},{"@type":"WebSite","@id":"https:\/\/royfonte.com\/de\/#website","url":"https:\/\/royfonte.com\/de\/","name":"royfonte.com","description":"Residencia Canina en Marbella","potentialAction":[{"@type":"SearchAction","target":{"@type":"EntryPoint","urlTemplate":"https:\/\/royfonte.com\/de\/?s={search_term_string}"},"query-input":{"@type":"PropertyValueSpecification","valueRequired":true,"valueName":"search_term_string"}}],"inLanguage":"de"}]}},"_links":{"self":[{"href":"https:\/\/royfonte.com\/de\/wp-json\/wp\/v2\/pages\/765","targetHints":{"allow":["GET"]}}],"collection":[{"href":"https:\/\/royfonte.com\/de\/wp-json\/wp\/v2\/pages"}],"about":[{"href":"https:\/\/royfonte.com\/de\/wp-json\/wp\/v2\/types\/page"}],"author":[{"embeddable":true,"href":"https:\/\/royfonte.com\/de\/wp-json\/wp\/v2\/users\/1"}],"replies":[{"embeddable":true,"href":"https:\/\/royfonte.com\/de\/wp-json\/wp\/v2\/comments?post=765"}],"version-history":[{"count":3,"href":"https:\/\/royfonte.com\/de\/wp-json\/wp\/v2\/pages\/765\/revisions"}],"predecessor-version":[{"id":768,"href":"https:\/\/royfonte.com\/de\/wp-json\/wp\/v2\/pages\/765\/revisions\/768"}],"wp:attachment":[{"href":"https:\/\/royfonte.com\/de\/wp-json\/wp\/v2\/media?parent=765"}],"curies":[{"name":"wp","href":"https:\/\/api.w.org\/{rel}","templated":true}]}}