{"id":759,"date":"2024-05-08T12:47:03","date_gmt":"2024-05-08T10:47:03","guid":{"rendered":"https:\/\/royfonte.com\/aviso-legal\/"},"modified":"2024-05-28T17:32:05","modified_gmt":"2024-05-28T15:32:05","slug":"rechtlicher-hinweis","status":"publish","type":"page","link":"https:\/\/royfonte.com\/de\/rechtlicher-hinweis\/","title":{"rendered":"Rechtlicher Hinweis"},"content":{"rendered":"<h1>Rechtlicher Hinweis<\/h1>\n<p>&nbsp;<\/p>\n<p style=\"text-align: justify;\">En Erf\u00fcllung des Gesetzes 34\/2002 vom 11. Juli \u00fcber Dienstleistungen der Informationsgesellschaft und elektronischen Handel (LSSI) informieren wir Sie, dass diese Webseite Eigentum der Firma ROYFONTE MARBELLA ist, verwaltet von JOSE MIGUEL ROY ANGLADA mit der DNI 51.614.432-V, wohnhaft in Ctra. N340, Km 191, 5 (in der N\u00e4he des Hotels Don Carlos) in Marbella und E-Mail-Adresse royfontemarbella@gmail.com, im Folgenden \u201edas Unternehmen\u201c.<\/p>\n<p style=\"text-align: justify;\"><strong>ALLGEMEINE NUTZUNGSBEDINGUNGEN:<\/strong><br \/>\nDie vorliegenden allgemeinen Nutzungsbedingungen regeln die Bedingungen und Konditionen f\u00fcr den Zugang und die Nutzung dieser Website, die Eigentum des Unternehmens ist, und die der Benutzer des Portals lesen und akzeptieren muss, um alle von dem Portal bereitgestellten Dienste und Informationen nutzen zu k\u00f6nnen. Der blo\u00dfe Zugriff und\/oder die Nutzung des Portals, seiner gesamten oder eines Teils seiner Inhalte und\/oder Dienste bedeutet die vollst\u00e4ndige Annahme dieser allgemeinen Nutzungsbedingungen. Sie regeln auch den Zugang und die Nutzung des Portals, einschlie\u00dflich der Inhalte und Dienste, die den Benutzern auf und\/oder \u00fcber das Portal zur Verf\u00fcgung gestellt werden, sei es vom Portal, seinen Benutzern oder Dritten. Der Zugang und die Nutzung bestimmter Inhalte und\/oder Dienste k\u00f6nnen jedoch bestimmten spezifischen Bedingungen unterliegen.<\/p>\n<p style=\"text-align: justify;\"><strong>\u00c4nderungen:<\/strong>\u00a0Das Unternehmen beh\u00e4lt sich das Recht vor, die allgemeinen Nutzungsbedingungen des Portals jederzeit zu \u00e4ndern. In jedem Fall wird empfohlen, die vorliegenden Nutzungsbedingungen des Portals regelm\u00e4\u00dfig zu \u00fcberpr\u00fcfen, da sie ge\u00e4ndert werden k\u00f6nnen.<br \/>\n<strong>Pflichten des Nutzers:<\/strong><\/strong>\u00a0Der Nutzer muss jederzeit die in den vorliegenden allgemeinen Nutzungsbedingungen des Portals festgelegten Bedingungen und Konditionen respektieren. Der Nutzer erkl\u00e4rt ausdr\u00fccklich, dass er das Portal sorgf\u00e4ltig nutzen und jegliche Verantwortung \u00fcbernehmen wird, die sich aus der Nichteinhaltung der Regeln ergeben k\u00f6nnte. Ebenso darf der Nutzer das Portal nicht nutzen, um Daten oder Inhalte zu \u00fcbermitteln, zu speichern, zu verbreiten, zu f\u00f6rdern oder zu verteilen, die Viren oder anderen Computercode, Dateien oder Programme enthalten, die dazu bestimmt sind, den Betrieb eines Programms oder eines Computer- oder Telekommunikationsger\u00e4ts zu unterbrechen, zu zerst\u00f6ren oder zu beeintr\u00e4chtigen.<br \/>\nIndustrie- und Urheberrecht: Die Inhalte der Website des Unternehmens sind Eigentum des Unternehmens. Hiermit werden alle Rechte vorbehalten, die nicht ausdr\u00fccklich gew\u00e4hrt wurden. Die Vervielf\u00e4ltigung, \u00dcbertragung, Verteilung oder Speicherung der Inhalte, sei es teilweise oder vollst\u00e4ndig, auf irgendeine Weise ist ohne vorherige schriftliche Genehmigung des Unternehmens untersagt, au\u00dfer wie in den folgenden Bedingungen festgelegt. Das Unternehmen erlaubt Ihnen, seine Website mit Ihrem Computer zu durchsuchen und Kopien von Ausz\u00fcgen dieser Seiten ausschlie\u00dflich f\u00fcr Ihren pers\u00f6nlichen Gebrauch und nicht f\u00fcr die Verteilung zu drucken, es sei denn, das Unternehmen hat dies schriftlich genehmigt.<br \/>\nAlle Dokumente auf unserer Website k\u00f6nnen anderen Bedingungen unterliegen, die in denselben angegeben sind. Die Inhalte der Website des Unternehmens werden so angeboten, wie sie erscheinen und je nach Verf\u00fcgbarkeit. Das Unternehmen garantiert nicht die Abwesenheit von Unterbrechungen oder Fehlern auf seiner Website.<br \/>\nDas Unternehmen beh\u00e4lt sich das Recht vor, die Seite zu \u00fcberarbeiten oder den Zugang zu dieser Seite jederzeit zu verhindern. Das Unternehmen und seine Symbole sind eingetragene Marken. Andere in dieser Seite erw\u00e4hnte Produkte oder Firmennamen sind oder k\u00f6nnen eingetragene Marken ihrer jeweiligen Eigent\u00fcmer sein.<br \/>\nVerantwortung: Der Nutzer ist allein verantwortlich f\u00fcr die Verst\u00f6\u00dfe, die er begehen kann, oder f\u00fcr Sch\u00e4den, die durch die Nutzung der Website entstehen k\u00f6nnen, wobei das Unternehmen von jeglicher Verantwortung aufgrund der Nutzung des Dienstes durch den Nutzer freigestellt wird. Der Nutzer \u00fcbernimmt alle Ausgaben, Kosten und Entsch\u00e4digungen, die dem Unternehmen aufgrund von Anspr\u00fcchen oder rechtlichen Schritten auferlegt werden. Das Unternehmen lehnt jede Verantwortung f\u00fcr Informationen ab, die au\u00dferhalb dieser Website liegen und nicht direkt von seinem Website-Manager verwaltet werden.<br \/>\nF\u00fcr den Fall, dass das Unternehmen dar\u00fcber informiert wird, dass der Nutzer durch die von der Firma bereitgestellten Dienstleistungen m\u00f6glicherweise illegale Aktivit\u00e4ten gegen die Rechte Dritter oder Straftaten ausf\u00fchrt, kann das Unternehmen die Beziehung zum Nutzer sofort beenden und alle notwendigen Ma\u00dfnahmen ergreifen, um die Fortsetzung solcher Aktivit\u00e4ten zu verhindern. Das Unternehmen garantiert in keiner Weise die Bedingungen und die korrekte Erbringung der von Dritten angebotenen Produkte oder Dienstleistungen, auf die \u00fcber Links auf der Website des Unternehmens zugegriffen werden kann.<br \/>\nDas Unternehmen \u00fcbernimmt keine Verantwortung f\u00fcr die Einhaltung der geltenden Vorschriften durch diese Dritten in unserer Rechtsordnung, insbesondere in Bezug auf den Schutz personenbezogener Daten und den elektronischen Handel. Das Unternehmen haftet nicht f\u00fcr m\u00f6gliche Sch\u00e4den, die durch St\u00f6rungen, Unterlassungen, Unterbrechungen, Telefonst\u00f6rungen, Computerviren oder Verbindungsabbr\u00fcche im Betrieb dieses elektronischen Systems entstehen, die durch Ursachen au\u00dferhalb des Unternehmens verursacht werden, oder f\u00fcr Verz\u00f6gerungen oder Blockaden bei der Nutzung des vorliegenden elektronischen Systems, die durch M\u00e4ngel oder \u00dcberlastungen der Telefonleitungen oder \u00dcberlastungen im Internetsystem oder in anderen elektronischen Systemen verursacht werden, sowie f\u00fcr Sch\u00e4den, die von Dritten durch illegale Eingriffe au\u00dferhalb der Kontrolle des Unternehmens verursacht werden.<br \/>\nGerichtsstand: F\u00fcr alle Fragen, die sich aus der Auslegung, Anwendung und Einhaltung dieser Bedingungen und aus den daraus resultierenden Anspr\u00fcchen ergeben, unterwerfen sich die Parteien den spanischen Richtern und Gerichten und verzichten ausdr\u00fccklich auf jeden anderen ihnen zustehenden Gerichtsstand, unbeschadet der Zust\u00e4ndigkeit, die sich aus dem Gesetz ergibt.<br \/>\nAnwendbares Recht: Diese Bedingungen unterliegen in jedem Fall dem spanischen Recht. Sie unterwerfen sich ausdr\u00fccklich den Gerichten in M\u00e1laga (Spanien).<\/p>\n<div class=\"sppb-article-introtext\">\n<p style=\"text-align: justify;\">\n<\/div>\n","protected":false},"excerpt":{"rendered":"<p>Rechtlicher Hinweis &nbsp; En Erf\u00fcllung des Gesetzes 34\/2002 vom 11. Juli \u00fcber Dienstleistungen der Informationsgesellschaft und elektronischen Handel (LSSI) informieren wir Sie, dass diese Webseite Eigentum der Firma ROYFONTE MARBELLA ist, verwaltet von JOSE MIGUEL ROY ANGLADA mit der DNI 51.614.432-V, wohnhaft in Ctra. N340, Km 191, 5 (in der N\u00e4he des Hotels Don Carlos) [&#8230;]\n","protected":false},"author":1,"featured_media":0,"parent":0,"menu_order":0,"comment_status":"closed","ping_status":"closed","template":"","meta":{"footnotes":""},"class_list":["post-759","page","type-page","status-publish","hentry"],"yoast_head":"<!-- This site is optimized with the Yoast SEO plugin v23.0 - https:\/\/yoast.com\/wordpress\/plugins\/seo\/ -->\n<title>Rechtlicher Hinweis - royfonte.com<\/title>\n<meta name=\"robots\" content=\"noindex, nofollow\" \/>\n<meta property=\"og:locale\" content=\"de_DE\" \/>\n<meta property=\"og:type\" content=\"article\" \/>\n<meta property=\"og:title\" content=\"Rechtlicher Hinweis - royfonte.com\" \/>\n<meta property=\"og:description\" content=\"Rechtlicher Hinweis &nbsp; En Erf\u00fcllung des Gesetzes 34\/2002 vom 11. Juli \u00fcber Dienstleistungen der Informationsgesellschaft und elektronischen Handel (LSSI) informieren wir Sie, dass diese Webseite Eigentum der Firma ROYFONTE MARBELLA ist, verwaltet von JOSE MIGUEL ROY ANGLADA mit der DNI 51.614.432-V, wohnhaft in Ctra. N340, Km 191, 5 (in der N\u00e4he des Hotels Don Carlos) [...]\" \/>\n<meta property=\"og:url\" content=\"https:\/\/royfonte.com\/de\/rechtlicher-hinweis\/\" \/>\n<meta property=\"og:site_name\" content=\"royfonte.com\" \/>\n<meta property=\"article:modified_time\" content=\"2024-05-28T15:32:05+00:00\" \/>\n<meta name=\"twitter:card\" content=\"summary_large_image\" \/>\n<meta name=\"twitter:label1\" content=\"Gesch\u00e4tzte Lesezeit\" \/>\n\t<meta name=\"twitter:data1\" content=\"4\u00a0Minuten\" \/>\n<script type=\"application\/ld+json\" class=\"yoast-schema-graph\">{\"@context\":\"https:\/\/schema.org\",\"@graph\":[{\"@type\":\"WebPage\",\"@id\":\"https:\/\/royfonte.com\/de\/rechtlicher-hinweis\/\",\"url\":\"https:\/\/royfonte.com\/de\/rechtlicher-hinweis\/\",\"name\":\"Rechtlicher Hinweis - royfonte.com\",\"isPartOf\":{\"@id\":\"https:\/\/royfonte.com\/de\/#website\"},\"datePublished\":\"2024-05-08T10:47:03+00:00\",\"dateModified\":\"2024-05-28T15:32:05+00:00\",\"breadcrumb\":{\"@id\":\"https:\/\/royfonte.com\/de\/rechtlicher-hinweis\/#breadcrumb\"},\"inLanguage\":\"de\",\"potentialAction\":[{\"@type\":\"ReadAction\",\"target\":[\"https:\/\/royfonte.com\/de\/rechtlicher-hinweis\/\"]}]},{\"@type\":\"BreadcrumbList\",\"@id\":\"https:\/\/royfonte.com\/de\/rechtlicher-hinweis\/#breadcrumb\",\"itemListElement\":[{\"@type\":\"ListItem\",\"position\":1,\"name\":\"Portada\",\"item\":\"https:\/\/royfonte.com\/de\/\"},{\"@type\":\"ListItem\",\"position\":2,\"name\":\"Rechtlicher Hinweis\"}]},{\"@type\":\"WebSite\",\"@id\":\"https:\/\/royfonte.com\/de\/#website\",\"url\":\"https:\/\/royfonte.com\/de\/\",\"name\":\"royfonte.com\",\"description\":\"Residencia Canina en Marbella\",\"potentialAction\":[{\"@type\":\"SearchAction\",\"target\":{\"@type\":\"EntryPoint\",\"urlTemplate\":\"https:\/\/royfonte.com\/de\/?s={search_term_string}\"},\"query-input\":\"required name=search_term_string\"}],\"inLanguage\":\"de\"}]}<\/script>\n<!-- \/ Yoast SEO plugin. -->","yoast_head_json":{"title":"Rechtlicher Hinweis - royfonte.com","robots":{"index":"noindex","follow":"nofollow"},"og_locale":"de_DE","og_type":"article","og_title":"Rechtlicher Hinweis - royfonte.com","og_description":"Rechtlicher Hinweis &nbsp; En Erf\u00fcllung des Gesetzes 34\/2002 vom 11. Juli \u00fcber Dienstleistungen der Informationsgesellschaft und elektronischen Handel (LSSI) informieren wir Sie, dass diese Webseite Eigentum der Firma ROYFONTE MARBELLA ist, verwaltet von JOSE MIGUEL ROY ANGLADA mit der DNI 51.614.432-V, wohnhaft in Ctra. N340, Km 191, 5 (in der N\u00e4he des Hotels Don Carlos) [...]","og_url":"https:\/\/royfonte.com\/de\/rechtlicher-hinweis\/","og_site_name":"royfonte.com","article_modified_time":"2024-05-28T15:32:05+00:00","twitter_card":"summary_large_image","twitter_misc":{"Gesch\u00e4tzte Lesezeit":"4\u00a0Minuten"},"schema":{"@context":"https:\/\/schema.org","@graph":[{"@type":"WebPage","@id":"https:\/\/royfonte.com\/de\/rechtlicher-hinweis\/","url":"https:\/\/royfonte.com\/de\/rechtlicher-hinweis\/","name":"Rechtlicher Hinweis - royfonte.com","isPartOf":{"@id":"https:\/\/royfonte.com\/de\/#website"},"datePublished":"2024-05-08T10:47:03+00:00","dateModified":"2024-05-28T15:32:05+00:00","breadcrumb":{"@id":"https:\/\/royfonte.com\/de\/rechtlicher-hinweis\/#breadcrumb"},"inLanguage":"de","potentialAction":[{"@type":"ReadAction","target":["https:\/\/royfonte.com\/de\/rechtlicher-hinweis\/"]}]},{"@type":"BreadcrumbList","@id":"https:\/\/royfonte.com\/de\/rechtlicher-hinweis\/#breadcrumb","itemListElement":[{"@type":"ListItem","position":1,"name":"Portada","item":"https:\/\/royfonte.com\/de\/"},{"@type":"ListItem","position":2,"name":"Rechtlicher Hinweis"}]},{"@type":"WebSite","@id":"https:\/\/royfonte.com\/de\/#website","url":"https:\/\/royfonte.com\/de\/","name":"royfonte.com","description":"Residencia Canina en Marbella","potentialAction":[{"@type":"SearchAction","target":{"@type":"EntryPoint","urlTemplate":"https:\/\/royfonte.com\/de\/?s={search_term_string}"},"query-input":"required name=search_term_string"}],"inLanguage":"de"}]}},"_links":{"self":[{"href":"https:\/\/royfonte.com\/de\/wp-json\/wp\/v2\/pages\/759"}],"collection":[{"href":"https:\/\/royfonte.com\/de\/wp-json\/wp\/v2\/pages"}],"about":[{"href":"https:\/\/royfonte.com\/de\/wp-json\/wp\/v2\/types\/page"}],"author":[{"embeddable":true,"href":"https:\/\/royfonte.com\/de\/wp-json\/wp\/v2\/users\/1"}],"replies":[{"embeddable":true,"href":"https:\/\/royfonte.com\/de\/wp-json\/wp\/v2\/comments?post=759"}],"version-history":[{"count":3,"href":"https:\/\/royfonte.com\/de\/wp-json\/wp\/v2\/pages\/759\/revisions"}],"predecessor-version":[{"id":762,"href":"https:\/\/royfonte.com\/de\/wp-json\/wp\/v2\/pages\/759\/revisions\/762"}],"wp:attachment":[{"href":"https:\/\/royfonte.com\/de\/wp-json\/wp\/v2\/media?parent=759"}],"curies":[{"name":"wp","href":"https:\/\/api.w.org\/{rel}","templated":true}]}}