{"id":684,"date":"2024-04-25T16:46:13","date_gmt":"2024-04-25T14:46:13","guid":{"rendered":"https:\/\/royfonte.com\/peluqueria-canina\/"},"modified":"2024-06-06T17:14:35","modified_gmt":"2024-06-06T15:14:35","slug":"friseur","status":"publish","type":"page","link":"https:\/\/royfonte.com\/de\/friseur\/","title":{"rendered":"Friseur"},"content":{"rendered":"<div class=\"wpb-content-wrapper\">[vc_row css=&#8220;.vc_custom_1715690597068{padding-top: 1% !important;padding-right: 15% !important;padding-bottom: 1% !important;padding-left: 15% !important;background-color: #ee9c00 !important;}&#8220;][vc_column][vc_column_text css_animation=&#8220;bounceInLeft&#8220; css=&#8220;&#8220;]\n<h2 style=\"text-align: center;\"><span data-text-color=\"success\">FRISEUR<\/span><\/h2>\n[\/vc_column_text][\/vc_column][\/vc_row][vc_row gap=&#8220;35&#8243; css=&#8220;.vc_custom_1715857689193{padding-top: 3% !important;padding-right: 10% !important;padding-left: 10% !important;}&#8220;][vc_column width=&#8220;1\/2&#8243;][vc_column_text css_animation=&#8220;fadeInLeft&#8220; css=&#8220;&#8220;]\n<h2><strong>Quien keine Ver\u00e4nderung des Looks ben\u00f6tigt?<\/strong><\/h2>\n<p>Um sicherzustellen, dass Ihr Haustier sauber und frei von Parasiten bleibt, bieten wir Ihnen unseren Hundesalon-Service an. Wir helfen Ihnen dabei, Ihr Haustier das ganze Jahr \u00fcber frei von Fl\u00f6hen, Parasiten und Zecken zu halten!<\/p>\n<p>Zus\u00e4tzlich beraten wir Sie gerne \u00fcber die wirksamsten Antiparasitenprodukte sowohl f\u00fcr Ihr Haustier als auch f\u00fcr Ihr Zuhause.<\/p>\n<p>Wenn Sie m\u00f6chten, \u00fcbernehmen wir auch gerne das Baden Ihres Haustieres, damit Sie sich nach Ihrer R\u00fcckkehr nach Hause nicht selbst darum k\u00fcmmern m\u00fcssen.[\/vc_column_text][\/vc_column][vc_column width=&#8220;1\/2&#8243;][vc_single_image image=&#8220;254&#8243; img_size=&#8220;full&#8220; alignment=&#8220;center&#8220; css_animation=&#8220;fadeInRight&#8220; css=&#8220;&#8220;][\/vc_column][\/vc_row][vc_row full_width=&#8220;stretch_row_content&#8220; css=&#8220;.vc_custom_1716445471195{padding-top: 0% !important;padding-right: 10% !important;}&#8220;][vc_column width=&#8220;1\/2&#8243; css=&#8220;.vc_custom_1715856935097{padding-left: 0% !important;}&#8220;][vc_single_image image=&#8220;353&#8243; img_size=&#8220;600x400px&#8220; css_animation=&#8220;fadeInLeft&#8220; css=&#8220;.vc_custom_1716445479586{margin-bottom: 0% !important;padding-right: 5% !important;padding-left: 0% !important;}&#8220;][\/vc_column][vc_column css_animation=&#8220;fadeInRight&#8220; width=&#8220;1\/2&#8243; css=&#8220;.vc_custom_1716445532875{padding-top: 5% !important;padding-left: 5% !important;}&#8220;][info_list_father listwidth=&#8220;0&#8243; css=&#8220;.vc_custom_1715858059197{padding-left: 10% !important;}&#8220;][info_list_son style=&#8220;icon&#8220; width=&#8220;50&#8243; height=&#8220;50&#8243; titleclr=&#8220;#000000&#8243; icon=&#8220;fas fa-dog&#8220; iconclr=&#8220;#ffffff&#8220; iconbg=&#8220;#ee9c00&#8243; title=&#8220;Entwurmt&#8220;]F\u00fcr ein Jahr[\/info_list_son][info_list_son style=&#8220;icon&#8220; width=&#8220;50&#8243; height=&#8220;50&#8243; titleclr=&#8220;#000000&#8243; icon=&#8220;fas fa-shower&#8220; iconclr=&#8220;#ffffff&#8220; iconbg=&#8220;#ee9c00&#8243; title=&#8220;Bad&#8220;]Konsultieren Sie unsere Preise[\/info_list_son][info_list_son style=&#8220;icon&#8220; width=&#8220;50&#8243; height=&#8220;50&#8243; titleclr=&#8220;#000000&#8243; icon=&#8220;fas fa-tasks&#8220; iconclr=&#8220;#ffffff&#8220; iconbg=&#8220;#ee9c00&#8243; title=&#8220;Andere Optionen&#8220;]Was Ihr Haustier braucht[\/info_list_son][\/info_list_father][\/vc_column][\/vc_row][vc_row css=&#8220;.vc_custom_1716445614217{padding-top: 8% !important;background-color: #efefef !important;}&#8220;][vc_column][vc_column_text css_animation=&#8220;fadeInLeft&#8220; css=&#8220;&#8220;]\n<h2 style=\"text-align: center;\"><span data-text-color=\"primary\">UNSERE PREISE<\/span><\/h2>\n[\/vc_column_text][vc_column_text css_animation=&#8220;fadeInRight&#8220; css=&#8220;.vc_custom_1716912204898{margin-bottom: 0% !important;}&#8220;]\n<h3 style=\"text-align: center; color: #000000;\"><em>Preise je nach Gr\u00f6\u00dfe und Felltyp<\/em><\/h3>\n[\/vc_column_text][vc_row_inner css=&#8220;.vc_custom_1716389712819{padding-top: 5% !important;padding-right: 10% !important;padding-bottom: 1% !important;padding-left: 10% !important;}&#8220;][vc_column_inner width=&#8220;1\/3&#8243;][vc_column_text css=&#8220;&#8220;]<div class=\"pricing-table-wrapper\">\n  <div class=\"pricing-table ux_price_table text-center box-shadow-3-hover featured-table\">\n    <div class=\"pricing-table-header\">\n      <div class=\"title uppercase strong\">HUNDE MIT GLATTEM FELL<\/div>\n      <div class=\"price is-xxlarge\">\u20ac<\/div>\n          <\/div>\n    <div class=\"pricing-table-items items\">\n      \n<div class=\"bullet-item\" title=\"\"><span class=\"text\">15,00\u20ac | Klein<\/span><\/div>\n<div class=\"bullet-item\" title=\"\"><span class=\"text\">18,00\u20ac | Mittel<\/span><\/div>\n<div class=\"bullet-item\" title=\"\"><span class=\"text\">25,00\u20ac | Gro\u00df<\/span><\/div>\n<div class=\"bullet-item\" title=\"\"><span class=\"text\">+5,00\u20ac | Mit Knoten<\/span><\/div>\n    <\/div>\n        <div class=\"cta-button\">\n        <a class=\"button \" href=\"https:\/\/royfonte.com\/de\/kontakt\/\">\n        BUCHEN<\/a>\n    <\/div>\n      <\/div>\n<\/div>\n\n[\/vc_column_text][\/vc_column_inner][vc_column_inner width=&#8220;1\/3&#8243;][vc_column_text css=&#8220;&#8220;]<div class=\"pricing-table-wrapper\">\n  <div class=\"pricing-table ux_price_table text-center box-shadow-3-hover featured-table\">\n    <div class=\"pricing-table-header\">\n      <div class=\"title uppercase strong\">HUNDE MIT MITTELLANGEM FELL<\/div>\n      <div class=\"price is-xxlarge\">\u20ac<\/div>\n          <\/div>\n    <div class=\"pricing-table-items items\">\n      \n<div class=\"bullet-item\" title=\"\"><span class=\"text\">18,00\u20ac | Klein<\/span><\/div>\n<div class=\"bullet-item\" title=\"\"><span class=\"text\">22,00\u20ac | Mittel<\/span><\/div>\n<div class=\"bullet-item\" title=\"\"><span class=\"text\">28,00\u20ac | Gro\u00df<\/span><\/div>\n<div class=\"bullet-item\" title=\"\"><span class=\"text\">+5,00\u20ac | Mit Knoten<\/span><\/div>\n    <\/div>\n        <div class=\"cta-button\">\n        <a class=\"button \" href=\"https:\/\/royfonte.com\/de\/kontakt\/\">\n        BUCHEN<\/a>\n    <\/div>\n      <\/div>\n<\/div>\n\n[\/vc_column_text][\/vc_column_inner][vc_column_inner width=&#8220;1\/3&#8243;][vc_column_text css=&#8220;&#8220;]<div class=\"pricing-table-wrapper\">\n  <div class=\"pricing-table ux_price_table text-center box-shadow-3-hover featured-table\">\n    <div class=\"pricing-table-header\">\n      <div class=\"title uppercase strong\">HUNDE MIT LANGEM FELL<\/div>\n      <div class=\"price is-xxlarge\">\u20ac<\/div>\n          <\/div>\n    <div class=\"pricing-table-items items\">\n      \n<div class=\"bullet-item\" title=\"\"><span class=\"text\">25,00\u20ac | Klein<\/span><\/div>\n<div class=\"bullet-item\" title=\"\"><span class=\"text\">28,00\u20ac | Mittel<\/span><\/div>\n<div class=\"bullet-item\" title=\"\"><span class=\"text\">33,00\u20ac | Gro\u00df<\/span><\/div>\n<div class=\"bullet-item\" title=\"\"><span class=\"text\">+7,00\u20ac | Mit Knoten<\/span><\/div>\n    <\/div>\n        <div class=\"cta-button\">\n        <a class=\"button \" href=\"https:\/\/royfonte.com\/de\/kontakt\/\">\n        BUCHEN<\/a>\n    <\/div>\n      <\/div>\n<\/div>\n\n[\/vc_column_text][\/vc_column_inner][\/vc_row_inner][vc_row_inner css=&#8220;.vc_custom_1716389741835{padding-top: 1% !important;padding-right: 10% !important;padding-bottom: 5% !important;padding-left: 10% !important;}&#8220;][vc_column_inner][vc_column_text css=&#8220;&#8220;]<div class=\"pricing-table-wrapper\">\n  <div class=\"pricing-table ux_price_table text-center box-shadow-3-hover featured-table\">\n    <div class=\"pricing-table-header\">\n      <div class=\"title uppercase strong\">KATZEN<\/div>\n      <div class=\"price is-xxlarge\">\u20ac<\/div>\n          <\/div>\n    <div class=\"pricing-table-items items\">\n      \n<div class=\"bullet-item\" title=\"\"><span class=\"text\">25,00\u20ac bis 25,00\u20ac | je nach Felll\u00e4nge<\/span><\/div>\n    <\/div>\n        <div class=\"cta-button\">\n        <a class=\"button \" href=\"https:\/\/royfonte.com\/de\/kontakt\/\">\n        BUCHEN<\/a>\n    <\/div>\n      <\/div>\n<\/div>\n\n[\/vc_column_text][\/vc_column_inner][\/vc_row_inner][\/vc_column][\/vc_row]\n<\/div>","protected":false},"excerpt":{"rendered":"[vc_row css=&#8220;.vc_custom_1715690597068{padding-top: 1% !important;padding-right: 15% !important;padding-bottom: 1% !important;padding-left: 15% !important;background-color: #ee9c00 !important;}&#8220;][vc_column][vc_column_text css_animation=&#8220;bounceInLeft&#8220; css=&#8220;&#8220;] FRISEUR [\/vc_column_text][\/vc_column][\/vc_row][vc_row gap=&#8220;35&#8243; css=&#8220;.vc_custom_1715857689193{padding-top: 3% !important;padding-right: 10% !important;padding-left: 10% !important;}&#8220;][vc_column width=&#8220;1\/2&#8243;][vc_column_text css_animation=&#8220;fadeInLeft&#8220; css=&#8220;&#8220;] Quien keine Ver\u00e4nderung des Looks ben\u00f6tigt? Um sicherzustellen, dass Ihr Haustier sauber und frei von Parasiten bleibt, bieten wir Ihnen unseren Hundesalon-Service an. Wir helfen Ihnen dabei, Ihr [&#8230;]\n","protected":false},"author":1,"featured_media":627,"parent":0,"menu_order":0,"comment_status":"closed","ping_status":"closed","template":"page-blank.php","meta":{"footnotes":""},"class_list":["post-684","page","type-page","status-publish","has-post-thumbnail","hentry"],"yoast_head":"<!-- This site is optimized with the Yoast SEO plugin v23.0 - https:\/\/yoast.com\/wordpress\/plugins\/seo\/ -->\n<title>Friseur - royfonte.com<\/title>\n<meta name=\"description\" content=\"Te ayudamos a mantener tu mascota sin pulgas, par\u00e1sitos ni garrapatas durante todo el a\u00f1o! Consulta nuestras tarifas. https:\/\/royfonte.com\/peluqueria\/\" \/>\n<meta name=\"robots\" content=\"index, follow, max-snippet:-1, max-image-preview:large, max-video-preview:-1\" \/>\n<link rel=\"canonical\" href=\"https:\/\/royfonte.com\/de\/friseur\/\" \/>\n<meta property=\"og:locale\" content=\"de_DE\" \/>\n<meta property=\"og:type\" content=\"article\" \/>\n<meta property=\"og:title\" content=\"Friseur - royfonte.com\" \/>\n<meta property=\"og:description\" content=\"Te ayudamos a mantener tu mascota sin pulgas, par\u00e1sitos ni garrapatas durante todo el a\u00f1o! Consulta nuestras tarifas. https:\/\/royfonte.com\/peluqueria\/\" \/>\n<meta property=\"og:url\" content=\"https:\/\/royfonte.com\/de\/friseur\/\" \/>\n<meta property=\"og:site_name\" content=\"royfonte.com\" \/>\n<meta property=\"article:modified_time\" content=\"2024-06-06T15:14:35+00:00\" \/>\n<meta property=\"og:image\" content=\"https:\/\/royfonte.com\/wp-content\/uploads\/2024\/05\/Peluqueria-Royfonte_03.jpg\" \/>\n\t<meta property=\"og:image:width\" content=\"1000\" \/>\n\t<meta property=\"og:image:height\" content=\"668\" \/>\n\t<meta property=\"og:image:type\" content=\"image\/jpeg\" \/>\n<meta name=\"twitter:card\" content=\"summary_large_image\" \/>\n<meta name=\"twitter:label1\" content=\"Gesch\u00e4tzte Lesezeit\" \/>\n\t<meta name=\"twitter:data1\" content=\"3\u00a0Minuten\" \/>\n<script type=\"application\/ld+json\" class=\"yoast-schema-graph\">{\"@context\":\"https:\/\/schema.org\",\"@graph\":[{\"@type\":\"WebPage\",\"@id\":\"https:\/\/royfonte.com\/de\/friseur\/\",\"url\":\"https:\/\/royfonte.com\/de\/friseur\/\",\"name\":\"Friseur - royfonte.com\",\"isPartOf\":{\"@id\":\"https:\/\/royfonte.com\/de\/#website\"},\"primaryImageOfPage\":{\"@id\":\"https:\/\/royfonte.com\/de\/friseur\/#primaryimage\"},\"image\":{\"@id\":\"https:\/\/royfonte.com\/de\/friseur\/#primaryimage\"},\"thumbnailUrl\":\"https:\/\/royfonte.com\/wp-content\/uploads\/2024\/05\/Peluqueria-Royfonte_03.jpg\",\"datePublished\":\"2024-04-25T14:46:13+00:00\",\"dateModified\":\"2024-06-06T15:14:35+00:00\",\"description\":\"Te ayudamos a mantener tu mascota sin pulgas, par\u00e1sitos ni garrapatas durante todo el a\u00f1o! Consulta nuestras tarifas. https:\/\/royfonte.com\/peluqueria\/\",\"breadcrumb\":{\"@id\":\"https:\/\/royfonte.com\/de\/friseur\/#breadcrumb\"},\"inLanguage\":\"de\",\"potentialAction\":[{\"@type\":\"ReadAction\",\"target\":[\"https:\/\/royfonte.com\/de\/friseur\/\"]}]},{\"@type\":\"ImageObject\",\"inLanguage\":\"de\",\"@id\":\"https:\/\/royfonte.com\/de\/friseur\/#primaryimage\",\"url\":\"https:\/\/royfonte.com\/wp-content\/uploads\/2024\/05\/Peluqueria-Royfonte_03.jpg\",\"contentUrl\":\"https:\/\/royfonte.com\/wp-content\/uploads\/2024\/05\/Peluqueria-Royfonte_03.jpg\",\"width\":1000,\"height\":668},{\"@type\":\"BreadcrumbList\",\"@id\":\"https:\/\/royfonte.com\/de\/friseur\/#breadcrumb\",\"itemListElement\":[{\"@type\":\"ListItem\",\"position\":1,\"name\":\"Portada\",\"item\":\"https:\/\/royfonte.com\/de\/\"},{\"@type\":\"ListItem\",\"position\":2,\"name\":\"Friseur\"}]},{\"@type\":\"WebSite\",\"@id\":\"https:\/\/royfonte.com\/de\/#website\",\"url\":\"https:\/\/royfonte.com\/de\/\",\"name\":\"royfonte.com\",\"description\":\"Residencia Canina en Marbella\",\"potentialAction\":[{\"@type\":\"SearchAction\",\"target\":{\"@type\":\"EntryPoint\",\"urlTemplate\":\"https:\/\/royfonte.com\/de\/?s={search_term_string}\"},\"query-input\":\"required name=search_term_string\"}],\"inLanguage\":\"de\"}]}<\/script>\n<!-- \/ Yoast SEO plugin. -->","yoast_head_json":{"title":"Friseur - royfonte.com","description":"Te ayudamos a mantener tu mascota sin pulgas, par\u00e1sitos ni garrapatas durante todo el a\u00f1o! Consulta nuestras tarifas. https:\/\/royfonte.com\/peluqueria\/","robots":{"index":"index","follow":"follow","max-snippet":"max-snippet:-1","max-image-preview":"max-image-preview:large","max-video-preview":"max-video-preview:-1"},"canonical":"https:\/\/royfonte.com\/de\/friseur\/","og_locale":"de_DE","og_type":"article","og_title":"Friseur - royfonte.com","og_description":"Te ayudamos a mantener tu mascota sin pulgas, par\u00e1sitos ni garrapatas durante todo el a\u00f1o! Consulta nuestras tarifas. https:\/\/royfonte.com\/peluqueria\/","og_url":"https:\/\/royfonte.com\/de\/friseur\/","og_site_name":"royfonte.com","article_modified_time":"2024-06-06T15:14:35+00:00","og_image":[{"width":1000,"height":668,"url":"https:\/\/royfonte.com\/wp-content\/uploads\/2024\/05\/Peluqueria-Royfonte_03.jpg","type":"image\/jpeg"}],"twitter_card":"summary_large_image","twitter_misc":{"Gesch\u00e4tzte Lesezeit":"3\u00a0Minuten"},"schema":{"@context":"https:\/\/schema.org","@graph":[{"@type":"WebPage","@id":"https:\/\/royfonte.com\/de\/friseur\/","url":"https:\/\/royfonte.com\/de\/friseur\/","name":"Friseur - royfonte.com","isPartOf":{"@id":"https:\/\/royfonte.com\/de\/#website"},"primaryImageOfPage":{"@id":"https:\/\/royfonte.com\/de\/friseur\/#primaryimage"},"image":{"@id":"https:\/\/royfonte.com\/de\/friseur\/#primaryimage"},"thumbnailUrl":"https:\/\/royfonte.com\/wp-content\/uploads\/2024\/05\/Peluqueria-Royfonte_03.jpg","datePublished":"2024-04-25T14:46:13+00:00","dateModified":"2024-06-06T15:14:35+00:00","description":"Te ayudamos a mantener tu mascota sin pulgas, par\u00e1sitos ni garrapatas durante todo el a\u00f1o! Consulta nuestras tarifas. https:\/\/royfonte.com\/peluqueria\/","breadcrumb":{"@id":"https:\/\/royfonte.com\/de\/friseur\/#breadcrumb"},"inLanguage":"de","potentialAction":[{"@type":"ReadAction","target":["https:\/\/royfonte.com\/de\/friseur\/"]}]},{"@type":"ImageObject","inLanguage":"de","@id":"https:\/\/royfonte.com\/de\/friseur\/#primaryimage","url":"https:\/\/royfonte.com\/wp-content\/uploads\/2024\/05\/Peluqueria-Royfonte_03.jpg","contentUrl":"https:\/\/royfonte.com\/wp-content\/uploads\/2024\/05\/Peluqueria-Royfonte_03.jpg","width":1000,"height":668},{"@type":"BreadcrumbList","@id":"https:\/\/royfonte.com\/de\/friseur\/#breadcrumb","itemListElement":[{"@type":"ListItem","position":1,"name":"Portada","item":"https:\/\/royfonte.com\/de\/"},{"@type":"ListItem","position":2,"name":"Friseur"}]},{"@type":"WebSite","@id":"https:\/\/royfonte.com\/de\/#website","url":"https:\/\/royfonte.com\/de\/","name":"royfonte.com","description":"Residencia Canina en Marbella","potentialAction":[{"@type":"SearchAction","target":{"@type":"EntryPoint","urlTemplate":"https:\/\/royfonte.com\/de\/?s={search_term_string}"},"query-input":"required name=search_term_string"}],"inLanguage":"de"}]}},"_links":{"self":[{"href":"https:\/\/royfonte.com\/de\/wp-json\/wp\/v2\/pages\/684"}],"collection":[{"href":"https:\/\/royfonte.com\/de\/wp-json\/wp\/v2\/pages"}],"about":[{"href":"https:\/\/royfonte.com\/de\/wp-json\/wp\/v2\/types\/page"}],"author":[{"embeddable":true,"href":"https:\/\/royfonte.com\/de\/wp-json\/wp\/v2\/users\/1"}],"replies":[{"embeddable":true,"href":"https:\/\/royfonte.com\/de\/wp-json\/wp\/v2\/comments?post=684"}],"version-history":[{"count":6,"href":"https:\/\/royfonte.com\/de\/wp-json\/wp\/v2\/pages\/684\/revisions"}],"predecessor-version":[{"id":869,"href":"https:\/\/royfonte.com\/de\/wp-json\/wp\/v2\/pages\/684\/revisions\/869"}],"wp:featuredmedia":[{"embeddable":true,"href":"https:\/\/royfonte.com\/de\/wp-json\/wp\/v2\/media\/627"}],"wp:attachment":[{"href":"https:\/\/royfonte.com\/de\/wp-json\/wp\/v2\/media?parent=684"}],"curies":[{"name":"wp","href":"https:\/\/api.w.org\/{rel}","templated":true}]}}